{"id":551,"date":"2025-09-11T08:02:40","date_gmt":"2025-09-11T08:02:40","guid":{"rendered":"https:\/\/assuretech.eu\/?page_id=551"},"modified":"2025-09-11T08:04:40","modified_gmt":"2025-09-11T08:04:40","slug":"vorschriften","status":"publish","type":"page","link":"https:\/\/assuretech.eu\/de\/regulamin\/","title":{"rendered":"Verordnungen"},"content":{"rendered":"<style>.elementor-551 .elementor-element.elementor-element-b3b923a > .elementor-container{max-width:1170px;min-height:0px;}.elementor-551 .elementor-element.elementor-element-b3b923a:not(.elementor-motion-effects-element-type-background), .elementor-551 .elementor-element.elementor-element-b3b923a > .elementor-motion-effects-container > .elementor-motion-effects-layer{background-image:url(\"https:\/\/assuretech.eu\/wp-content\/uploads\/2025\/08\/PHOTO-2025-08-11-14-22-53-3.jpg\");background-position:0px 34%;background-size:cover;}.elementor-551 .elementor-element.elementor-element-b3b923a > .elementor-background-overlay{background-color:var( --e-global-color-559a6a9 );opacity:0.75;transition:background 0.3s, border-radius 0.3s, opacity 0.3s;}.elementor-551 .elementor-element.elementor-element-b3b923a{transition:background 0.3s, border 0.3s, border-radius 0.3s, box-shadow 0.3s;padding:160px 0px 160px 0px;}.elementor-551 .elementor-element.elementor-element-8baa06e.elementor-column > .elementor-widget-wrap{justify-content:center;}.elementor-551 .elementor-element.elementor-element-4b832ae{text-align:center;}.elementor-551 .elementor-element.elementor-element-4b832ae .elementor-heading-title{font-family:var( --e-global-typography-2bda2d2-font-family ), Sans-serif;font-size:var( --e-global-typography-2bda2d2-font-size );font-weight:var( --e-global-typography-2bda2d2-font-weight );line-height:var( --e-global-typography-2bda2d2-line-height );letter-spacing:var( --e-global-typography-2bda2d2-letter-spacing );word-spacing:var( --e-global-typography-2bda2d2-word-spacing );color:var( --e-global-color-bb530d9 );}.elementor-551 .elementor-element.elementor-element-60c6534{--display:flex;--flex-direction:row;--container-widget-width:initial;--container-widget-height:100%;--container-widget-flex-grow:1;--container-widget-align-self:stretch;--flex-wrap-mobile:wrap;--gap:0px 0px;--row-gap:0px;--column-gap:0px;}.elementor-551 .elementor-element.elementor-element-3e48337{--display:flex;--flex-direction:column;--container-widget-width:100%;--container-widget-height:initial;--container-widget-flex-grow:0;--container-widget-align-self:initial;--flex-wrap-mobile:wrap;}.elementor-551 .elementor-element.elementor-element-817067b{text-align:start;font-size:20px;color:var( --e-global-color-primary );}@media(min-width:768px){.elementor-551 .elementor-element.elementor-element-3e48337{--width:100%;}}@media(max-width:1024px){.elementor-551 .elementor-element.elementor-element-b3b923a:not(.elementor-motion-effects-element-type-background), .elementor-551 .elementor-element.elementor-element-b3b923a > .elementor-motion-effects-container > .elementor-motion-effects-layer{background-position:0px 0px;}.elementor-551 .elementor-element.elementor-element-b3b923a{padding:100px 0px 100px 0px;}.elementor-551 .elementor-element.elementor-element-4b832ae .elementor-heading-title{font-size:var( --e-global-typography-2bda2d2-font-size );line-height:var( --e-global-typography-2bda2d2-line-height );letter-spacing:var( --e-global-typography-2bda2d2-letter-spacing );word-spacing:var( --e-global-typography-2bda2d2-word-spacing );}}@media(max-width:767px){.elementor-551 .elementor-element.elementor-element-b3b923a:not(.elementor-motion-effects-element-type-background), .elementor-551 .elementor-element.elementor-element-b3b923a > .elementor-motion-effects-container > .elementor-motion-effects-layer{background-position:0px 0px;}.elementor-551 .elementor-element.elementor-element-b3b923a{padding:80px 10px 80px 10px;}.elementor-551 .elementor-element.elementor-element-4b832ae .elementor-heading-title{font-size:var( --e-global-typography-2bda2d2-font-size );line-height:var( --e-global-typography-2bda2d2-line-height );letter-spacing:var( --e-global-typography-2bda2d2-letter-spacing );word-spacing:var( --e-global-typography-2bda2d2-word-spacing );}}<\/style>\t\t<div data-elementor-type=\"wp-page\" data-elementor-id=\"551\" class=\"elementor elementor-551\" data-elementor-post-type=\"page\">\n\t\t\t\t\t\t<section class=\"elementor-section elementor-top-section elementor-element elementor-element-b3b923a elementor-section-height-min-height elementor-section-boxed elementor-section-height-default elementor-section-items-middle\" data-id=\"b3b923a\" data-element_type=\"section\" data-e-type=\"section\" data-settings=\"{&quot;background_background&quot;:&quot;classic&quot;}\">\n\t\t\t\t\t\t\t<div class=\"elementor-background-overlay\"><\/div>\n\t\t\t\t\t\t\t<div class=\"elementor-container elementor-column-gap-default\">\n\t\t\t\t\t<div class=\"elementor-column elementor-col-100 elementor-top-column elementor-element elementor-element-8baa06e\" data-id=\"8baa06e\" data-element_type=\"column\" data-e-type=\"column\">\n\t\t\t<div class=\"elementor-widget-wrap elementor-element-populated\">\n\t\t\t\t\t\t<div class=\"elementor-element elementor-element-4b832ae elementor-widget elementor-widget-heading\" data-id=\"4b832ae\" data-element_type=\"widget\" data-e-type=\"widget\" data-widget_type=\"heading.default\">\n\t\t\t\t<div class=\"elementor-widget-container\">\n\t\t\t\t\t<h2 class=\"elementor-heading-title elementor-size-default\">Verordnungen<\/h2>\t\t\t\t<\/div>\n\t\t\t\t<\/div>\n\t\t\t\t\t<\/div>\n\t\t<\/div>\n\t\t\t\t\t<\/div>\n\t\t<\/section>\n\t\t<div class=\"elementor-element elementor-element-60c6534 e-flex e-con-boxed e-con e-parent\" data-id=\"60c6534\" data-element_type=\"container\" data-e-type=\"container\">\n\t\t\t\t\t<div class=\"e-con-inner\">\n\t\t<div class=\"elementor-element elementor-element-3e48337 e-con-full e-flex e-con e-child\" data-id=\"3e48337\" data-element_type=\"container\" data-e-type=\"container\">\n\t\t\t\t<div class=\"elementor-element elementor-element-817067b elementor-widget elementor-widget-text-editor\" data-id=\"817067b\" data-element_type=\"widget\" data-e-type=\"widget\" data-widget_type=\"text-editor.default\">\n\t\t\t\t<div class=\"elementor-widget-container\">\n\t\t\t\t\t\t\t\t\t<p><strong>BEDINGUNGEN UND KONDITIONEN DER WEBSITE WWW.ASSURETECH.EU<\/strong><\/p><p><strong>I. ALLGEMEINE BESTIMMUNGEN<\/strong><\/p><ol><li>Diese Nutzungsbedingungen (im Folgenden: Nutzungsbedingungen) legen die Regeln f\u00fcr die Nutzung der Website www.assuretech.eu (im Folgenden: Website) fest.<\/li><li>Der Verwalter des Dienstes ist Assure Tech Sp. z o.o. mit Sitz in D\u0119bno, ul. Sk\u0142adowa 15, 74-400 D\u0119bno, NIP: 597-176-29-10 (im Folgenden: Verwalter).<\/li><li>Die Kontaktaufnahme mit dem Administrator ist unter folgender E-Mail-Adresse m\u00f6glich: chandra.swain@assuretech.eu<\/li><\/ol><p><br \/><strong>II. NUTZUNGSBEDINGUNGEN<\/strong><\/p><ol><li>Die Nutzung der Website ist kostenlos und steht allen Internetnutzern zur Verf\u00fcgung.<\/li><li>Der Nutzer ist verpflichtet, die Website in einer Weise zu nutzen, die mit dem Gesetz, der guten Praxis und den Bestimmungen der vorliegenden Bedingungen \u00fcbereinstimmt.<\/li><li>Verboten:<br \/>- Bereitstellung von rechtswidrigen Inhalten,<br \/>- Handlungen vorzunehmen, die den Betrieb des Dienstes beeintr\u00e4chtigen k\u00f6nnten,<br \/>- den Inhalt der Website in einer Weise zu kopieren oder zu nutzen, die gegen das Gesetz oder diese Nutzungsbedingungen verst\u00f6\u00dft.<\/li><\/ol><p><br \/><strong>III. GEISTIGES EIGENTUM<\/strong><\/p><ol><li>Alle auf der Website ver\u00f6ffentlichten Materialien, einschlie\u00dflich Texte, Fotos, Grafiken, Elemente des Seitenlayouts und Markenzeichen, unterliegen dem rechtlichen Schutz und sind Eigentum der Assure Tech Sp. z o.o. oder der mit ihr kooperierenden Unternehmen.<\/li><li>Sie d\u00fcrfen ohne die vorherige schriftliche Zustimmung des Verwalters nicht kopiert, verbreitet, ver\u00e4ndert oder zu kommerziellen Zwecken genutzt werden.<\/li><\/ol><p><br \/><strong>IV. HAFTUNG<\/strong><\/p><ol><li>Der Verwalter unternimmt alle Anstrengungen, um den kontinuierlichen und korrekten Betrieb der Website zu gew\u00e4hrleisten.<\/li><li>Der Administrator ist nicht verantwortlich f\u00fcr:<br \/>- Unterbrechungen des Betriebs des Dienstes aufgrund von technischen Arbeiten, Wartungsarbeiten oder Ursachen, die au\u00dferhalb der Kontrolle des Administrators liegen,<br \/>- Sch\u00e4den, die sich aus der Nutzung des Dienstes in einer Weise ergeben, die nicht mit den Allgemeinen Gesch\u00e4ftsbedingungen \u00fcbereinstimmt,<br \/>- Inhalte, die auf Websites ver\u00f6ffentlicht werden, zu denen die Website Links enth\u00e4lt.<\/li><\/ol><p><br \/><strong>V. SCHUTZ DER PERSONENBEZOGENEN DATEN<\/strong><\/p><ol><li>Der Administrator verarbeitet die personenbezogenen Daten der Nutzer nur in dem Umfang und zu dem Zweck, der f\u00fcr die ordnungsgem\u00e4\u00dfe Nutzung der Website erforderlich ist, und in \u00dcbereinstimmung mit den geltenden Rechtsvorschriften.<\/li><li>Detaillierte Regeln f\u00fcr die Verarbeitung personenbezogener Daten sind in der Datenschutzrichtlinie enthalten, die auf der Website verf\u00fcgbar ist.<\/li><\/ol><p><br \/><strong>VI. SCHLUSSBESTIMMUNGEN<\/strong><\/p><ol><li>Die Allgemeinen Gesch\u00e4ftsbedingungen sind auf der Website kostenlos in einer Form verf\u00fcgbar, die heruntergeladen, gespeichert und ausgedruckt werden kann.<\/li><li>Der Verwalter beh\u00e4lt sich das Recht vor, die Allgemeinen Gesch\u00e4ftsbedingungen zu \u00e4ndern. Die \u00c4nderungen sind ab dem Zeitpunkt ihrer Ver\u00f6ffentlichung auf der Website wirksam.<\/li><li>In Angelegenheiten, die nicht in der Gesch\u00e4ftsordnung geregelt sind, gelten die Bestimmungen des polnischen Rechts.<\/li><li>Alle Streitigkeiten, die sich aus der Nutzung des Dienstes ergeben, werden von dem Gericht behandelt, das f\u00fcr den Sitz des Verwalters zust\u00e4ndig ist.<\/li><\/ol>\t\t\t\t\t\t\t\t<\/div>\n\t\t\t\t<\/div>\n\t\t\t\t<\/div>\n\t\t\t\t\t<\/div>\n\t\t\t\t<\/div>\n\t\t\t\t<\/div>","protected":false},"excerpt":{"rendered":"<p>Regulamin REGULAMIN STRONY INTERNETOWEJ WWW.ASSURETECH.EU I. POSTANOWIENIA OG\u00d3LNE Niniejszy regulamin (dalej: Regulamin) okre\u015bla zasady korzystania z serwisu internetowego dost\u0119pnego pod adresem www.assuretech.eu (dalej: Serwis). Administratorem Serwisu jest Assure Tech Sp. z o.o. z siedzib\u0105 w D\u0119bnie, ul. Sk\u0142adowa 15, 74-400 D\u0119bno, NIP: 597-176-29-10 (dalej: Administrator). Kontakt z Administratorem mo\u017cliwy jest pod adresem e-mail: chandra.swain@assuretech.eu II. [&hellip;]<\/p>\n","protected":false},"author":1,"featured_media":0,"parent":0,"menu_order":0,"comment_status":"closed","ping_status":"closed","template":"elementor_header_footer","meta":{"footnotes":""},"class_list":["post-551","page","type-page","status-publish","hentry"],"_links":{"self":[{"href":"https:\/\/assuretech.eu\/de\/wp-json\/wp\/v2\/pages\/551","targetHints":{"allow":["GET"]}}],"collection":[{"href":"https:\/\/assuretech.eu\/de\/wp-json\/wp\/v2\/pages"}],"about":[{"href":"https:\/\/assuretech.eu\/de\/wp-json\/wp\/v2\/types\/page"}],"author":[{"embeddable":true,"href":"https:\/\/assuretech.eu\/de\/wp-json\/wp\/v2\/users\/1"}],"replies":[{"embeddable":true,"href":"https:\/\/assuretech.eu\/de\/wp-json\/wp\/v2\/comments?post=551"}],"version-history":[{"count":4,"href":"https:\/\/assuretech.eu\/de\/wp-json\/wp\/v2\/pages\/551\/revisions"}],"predecessor-version":[{"id":555,"href":"https:\/\/assuretech.eu\/de\/wp-json\/wp\/v2\/pages\/551\/revisions\/555"}],"wp:attachment":[{"href":"https:\/\/assuretech.eu\/de\/wp-json\/wp\/v2\/media?parent=551"}],"curies":[{"name":"wp","href":"https:\/\/api.w.org\/{rel}","templated":true}]}}