{"id":551,"date":"2025-09-11T08:02:40","date_gmt":"2025-09-11T08:02:40","guid":{"rendered":"https:\/\/assuretech.eu\/?page_id=551"},"modified":"2025-09-11T08:04:40","modified_gmt":"2025-09-11T08:04:40","slug":"regulations","status":"publish","type":"page","link":"https:\/\/assuretech.eu\/en\/regulamin\/","title":{"rendered":"Regulations"},"content":{"rendered":"<style>.elementor-551 .elementor-element.elementor-element-b3b923a > .elementor-container{max-width:1170px;min-height:0px;}.elementor-551 .elementor-element.elementor-element-b3b923a:not(.elementor-motion-effects-element-type-background), .elementor-551 .elementor-element.elementor-element-b3b923a > .elementor-motion-effects-container > .elementor-motion-effects-layer{background-image:url(\"https:\/\/assuretech.eu\/wp-content\/uploads\/2025\/08\/PHOTO-2025-08-11-14-22-53-3.jpg\");background-position:0px 34%;background-size:cover;}.elementor-551 .elementor-element.elementor-element-b3b923a > .elementor-background-overlay{background-color:var( --e-global-color-559a6a9 );opacity:0.75;transition:background 0.3s, border-radius 0.3s, opacity 0.3s;}.elementor-551 .elementor-element.elementor-element-b3b923a{transition:background 0.3s, border 0.3s, border-radius 0.3s, box-shadow 0.3s;padding:160px 0px 160px 0px;}.elementor-551 .elementor-element.elementor-element-8baa06e.elementor-column > .elementor-widget-wrap{justify-content:center;}.elementor-551 .elementor-element.elementor-element-4b832ae{text-align:center;}.elementor-551 .elementor-element.elementor-element-4b832ae .elementor-heading-title{font-family:var( --e-global-typography-2bda2d2-font-family ), Sans-serif;font-size:var( --e-global-typography-2bda2d2-font-size );font-weight:var( --e-global-typography-2bda2d2-font-weight );line-height:var( --e-global-typography-2bda2d2-line-height );letter-spacing:var( --e-global-typography-2bda2d2-letter-spacing );word-spacing:var( --e-global-typography-2bda2d2-word-spacing );color:var( --e-global-color-bb530d9 );}.elementor-551 .elementor-element.elementor-element-60c6534{--display:flex;--flex-direction:row;--container-widget-width:initial;--container-widget-height:100%;--container-widget-flex-grow:1;--container-widget-align-self:stretch;--flex-wrap-mobile:wrap;--gap:0px 0px;--row-gap:0px;--column-gap:0px;}.elementor-551 .elementor-element.elementor-element-3e48337{--display:flex;--flex-direction:column;--container-widget-width:100%;--container-widget-height:initial;--container-widget-flex-grow:0;--container-widget-align-self:initial;--flex-wrap-mobile:wrap;}.elementor-551 .elementor-element.elementor-element-817067b{text-align:start;font-size:20px;color:var( --e-global-color-primary );}@media(min-width:768px){.elementor-551 .elementor-element.elementor-element-3e48337{--width:100%;}}@media(max-width:1024px){.elementor-551 .elementor-element.elementor-element-b3b923a:not(.elementor-motion-effects-element-type-background), .elementor-551 .elementor-element.elementor-element-b3b923a > .elementor-motion-effects-container > .elementor-motion-effects-layer{background-position:0px 0px;}.elementor-551 .elementor-element.elementor-element-b3b923a{padding:100px 0px 100px 0px;}.elementor-551 .elementor-element.elementor-element-4b832ae .elementor-heading-title{font-size:var( --e-global-typography-2bda2d2-font-size );line-height:var( --e-global-typography-2bda2d2-line-height );letter-spacing:var( --e-global-typography-2bda2d2-letter-spacing );word-spacing:var( --e-global-typography-2bda2d2-word-spacing );}}@media(max-width:767px){.elementor-551 .elementor-element.elementor-element-b3b923a:not(.elementor-motion-effects-element-type-background), .elementor-551 .elementor-element.elementor-element-b3b923a > .elementor-motion-effects-container > .elementor-motion-effects-layer{background-position:0px 0px;}.elementor-551 .elementor-element.elementor-element-b3b923a{padding:80px 10px 80px 10px;}.elementor-551 .elementor-element.elementor-element-4b832ae .elementor-heading-title{font-size:var( --e-global-typography-2bda2d2-font-size );line-height:var( --e-global-typography-2bda2d2-line-height );letter-spacing:var( --e-global-typography-2bda2d2-letter-spacing );word-spacing:var( --e-global-typography-2bda2d2-word-spacing );}}<\/style>\t\t<div data-elementor-type=\"wp-page\" data-elementor-id=\"551\" class=\"elementor elementor-551\" data-elementor-post-type=\"page\">\n\t\t\t\t\t\t<section class=\"elementor-section elementor-top-section elementor-element elementor-element-b3b923a elementor-section-height-min-height elementor-section-boxed elementor-section-height-default elementor-section-items-middle\" data-id=\"b3b923a\" data-element_type=\"section\" data-e-type=\"section\" data-settings=\"{&quot;background_background&quot;:&quot;classic&quot;}\">\n\t\t\t\t\t\t\t<div class=\"elementor-background-overlay\"><\/div>\n\t\t\t\t\t\t\t<div class=\"elementor-container elementor-column-gap-default\">\n\t\t\t\t\t<div class=\"elementor-column elementor-col-100 elementor-top-column elementor-element elementor-element-8baa06e\" data-id=\"8baa06e\" data-element_type=\"column\" data-e-type=\"column\">\n\t\t\t<div class=\"elementor-widget-wrap elementor-element-populated\">\n\t\t\t\t\t\t<div class=\"elementor-element elementor-element-4b832ae elementor-widget elementor-widget-heading\" data-id=\"4b832ae\" data-element_type=\"widget\" data-e-type=\"widget\" data-widget_type=\"heading.default\">\n\t\t\t\t<div class=\"elementor-widget-container\">\n\t\t\t\t\t<h2 class=\"elementor-heading-title elementor-size-default\">Regulations<\/h2>\t\t\t\t<\/div>\n\t\t\t\t<\/div>\n\t\t\t\t\t<\/div>\n\t\t<\/div>\n\t\t\t\t\t<\/div>\n\t\t<\/section>\n\t\t<div class=\"elementor-element elementor-element-60c6534 e-flex e-con-boxed e-con e-parent\" data-id=\"60c6534\" data-element_type=\"container\" data-e-type=\"container\">\n\t\t\t\t\t<div class=\"e-con-inner\">\n\t\t<div class=\"elementor-element elementor-element-3e48337 e-con-full e-flex e-con e-child\" data-id=\"3e48337\" data-element_type=\"container\" data-e-type=\"container\">\n\t\t\t\t<div class=\"elementor-element elementor-element-817067b elementor-widget elementor-widget-text-editor\" data-id=\"817067b\" data-element_type=\"widget\" data-e-type=\"widget\" data-widget_type=\"text-editor.default\">\n\t\t\t\t<div class=\"elementor-widget-container\">\n\t\t\t\t\t\t\t\t\t<p><strong>TERMS AND CONDITIONS OF THE WEBSITE WWW.ASSURETECH.EU<\/strong><\/p><p><strong>I. GENERAL PROVISIONS<\/strong><\/p><ol><li>These Terms and Conditions (hereinafter: Terms and Conditions) set out the rules for the use of the website available at www.assuretech.eu (hereinafter: Service).<\/li><li>The Administrator of the Service is Assure Tech Sp. z o.o., based in Debno, 15 Sk\u0142adowa St., 74-400 Debno, NIP: 597-176-29-10 (hereinafter: Administrator).<\/li><li>Contact with the Administrator is possible at e-mail address: chandra.swain@assuretech.eu<\/li><\/ol><p><br \/><strong>II. RULES OF USE<\/strong><\/p><ol><li>Use of the Website is free of charge and available to all Internet users.<\/li><li>The User is obliged to use the Website in a manner consistent with the law, good morals and the provisions of the Regulations.<\/li><li>Prohibited:<br \/>- Providing content of an unlawful nature,<br \/>- Taking actions that may disrupt the operation of the Service,<br \/>- Copying or using the content of the Service in a manner contrary to the law or the Terms of Service.<\/li><\/ol><p><br \/><strong>III. INTELLECTUAL PROPERTY<\/strong><\/p><ol><li>All materials posted on the Website, including text, photos, graphics, page layout elements and trademarks, are subject to legal protection and are the property of Assure Tech Sp. z o.o. or its cooperating entities.<\/li><li>It is forbidden to copy, distribute, modify or use them for commercial purposes without prior written consent of the Administrator.<\/li><\/ol><p><br \/><strong>IV. RESPONSIBILITY<\/strong><\/p><ol><li>The Administrator makes every effort to ensure that the Service operates continuously and correctly.<\/li><li>The administrator is not responsible for:<br \/>- interruptions in the operation of the Service resulting from technical work, maintenance or causes beyond the Administrator's control,<br \/>- damages resulting from the use of the Site in a manner inconsistent with the Terms of Service,<br \/>- content posted on websites to which links (references) are provided on the Website.<\/li><\/ol><p><br \/><strong>V. PROTECTION OF PERSONAL DATA<\/strong><\/p><ol><li>The Administrator processes Users' personal data only to the extent and for the purpose necessary for the proper use of the Website and in compliance with applicable laws.<\/li><li>Detailed rules for the processing of personal data are set forth in the Privacy Policy, available on the Site.<\/li><\/ol><p><br \/><strong>VI. FINAL PROVISIONS<\/strong><\/p><ol><li>The Regulations are available free of charge on the Website in a form that allows you to download, save and print them.<\/li><li>The Administrator reserves the right to change the Terms and Conditions. Changes are effective from the moment they are published on the Website.<\/li><li>In matters not regulated by the Regulations, the provisions of Polish law shall apply.<\/li><li>Any disputes arising from the use of the Service will be considered by a court with jurisdiction over the Administrator's office.<\/li><\/ol>\t\t\t\t\t\t\t\t<\/div>\n\t\t\t\t<\/div>\n\t\t\t\t<\/div>\n\t\t\t\t\t<\/div>\n\t\t\t\t<\/div>\n\t\t\t\t<\/div>","protected":false},"excerpt":{"rendered":"<p>Regulamin REGULAMIN STRONY INTERNETOWEJ WWW.ASSURETECH.EU I. POSTANOWIENIA OG\u00d3LNE Niniejszy regulamin (dalej: Regulamin) okre\u015bla zasady korzystania z serwisu internetowego dost\u0119pnego pod adresem www.assuretech.eu (dalej: Serwis). Administratorem Serwisu jest Assure Tech Sp. z o.o. z siedzib\u0105 w D\u0119bnie, ul. Sk\u0142adowa 15, 74-400 D\u0119bno, NIP: 597-176-29-10 (dalej: Administrator). Kontakt z Administratorem mo\u017cliwy jest pod adresem e-mail: chandra.swain@assuretech.eu II. [&hellip;]<\/p>\n","protected":false},"author":1,"featured_media":0,"parent":0,"menu_order":0,"comment_status":"closed","ping_status":"closed","template":"elementor_header_footer","meta":{"footnotes":""},"class_list":["post-551","page","type-page","status-publish","hentry"],"_links":{"self":[{"href":"https:\/\/assuretech.eu\/en\/wp-json\/wp\/v2\/pages\/551","targetHints":{"allow":["GET"]}}],"collection":[{"href":"https:\/\/assuretech.eu\/en\/wp-json\/wp\/v2\/pages"}],"about":[{"href":"https:\/\/assuretech.eu\/en\/wp-json\/wp\/v2\/types\/page"}],"author":[{"embeddable":true,"href":"https:\/\/assuretech.eu\/en\/wp-json\/wp\/v2\/users\/1"}],"replies":[{"embeddable":true,"href":"https:\/\/assuretech.eu\/en\/wp-json\/wp\/v2\/comments?post=551"}],"version-history":[{"count":4,"href":"https:\/\/assuretech.eu\/en\/wp-json\/wp\/v2\/pages\/551\/revisions"}],"predecessor-version":[{"id":555,"href":"https:\/\/assuretech.eu\/en\/wp-json\/wp\/v2\/pages\/551\/revisions\/555"}],"wp:attachment":[{"href":"https:\/\/assuretech.eu\/en\/wp-json\/wp\/v2\/media?parent=551"}],"curies":[{"name":"wp","href":"https:\/\/api.w.org\/{rel}","templated":true}]}}