{"id":556,"date":"2025-09-11T10:02:49","date_gmt":"2025-09-11T10:02:49","guid":{"rendered":"https:\/\/assuretech.eu\/?page_id=556"},"modified":"2025-09-11T10:10:17","modified_gmt":"2025-09-11T10:10:17","slug":"privacy-policy","status":"publish","type":"page","link":"https:\/\/assuretech.eu\/en\/polityka-prywatnosci\/","title":{"rendered":"Privacy Policy"},"content":{"rendered":"<style>.elementor-556 .elementor-element.elementor-element-b3b923a > .elementor-container{max-width:1170px;min-height:0px;}.elementor-556 .elementor-element.elementor-element-b3b923a:not(.elementor-motion-effects-element-type-background), .elementor-556 .elementor-element.elementor-element-b3b923a > .elementor-motion-effects-container > .elementor-motion-effects-layer{background-image:url(\"https:\/\/assuretech.eu\/wp-content\/uploads\/2025\/08\/PHOTO-2025-08-11-14-22-53-3.jpg\");background-position:0px 34%;background-size:cover;}.elementor-556 .elementor-element.elementor-element-b3b923a > .elementor-background-overlay{background-color:var( --e-global-color-559a6a9 );opacity:0.75;transition:background 0.3s, border-radius 0.3s, opacity 0.3s;}.elementor-556 .elementor-element.elementor-element-b3b923a{transition:background 0.3s, border 0.3s, border-radius 0.3s, box-shadow 0.3s;padding:160px 0px 160px 0px;}.elementor-556 .elementor-element.elementor-element-8baa06e.elementor-column > .elementor-widget-wrap{justify-content:center;}.elementor-556 .elementor-element.elementor-element-4b832ae{text-align:center;}.elementor-556 .elementor-element.elementor-element-4b832ae .elementor-heading-title{font-family:var( --e-global-typography-2bda2d2-font-family ), Sans-serif;font-size:var( --e-global-typography-2bda2d2-font-size );font-weight:var( --e-global-typography-2bda2d2-font-weight );line-height:var( --e-global-typography-2bda2d2-line-height );letter-spacing:var( --e-global-typography-2bda2d2-letter-spacing );word-spacing:var( --e-global-typography-2bda2d2-word-spacing );color:var( --e-global-color-bb530d9 );}.elementor-556 .elementor-element.elementor-element-60c6534{--display:flex;--flex-direction:row;--container-widget-width:initial;--container-widget-height:100%;--container-widget-flex-grow:1;--container-widget-align-self:stretch;--flex-wrap-mobile:wrap;--gap:0px 0px;--row-gap:0px;--column-gap:0px;}.elementor-556 .elementor-element.elementor-element-3e48337{--display:flex;--flex-direction:column;--container-widget-width:100%;--container-widget-height:initial;--container-widget-flex-grow:0;--container-widget-align-self:initial;--flex-wrap-mobile:wrap;}.elementor-556 .elementor-element.elementor-element-817067b{text-align:start;font-size:20px;color:var( --e-global-color-primary );}@media(min-width:768px){.elementor-556 .elementor-element.elementor-element-3e48337{--width:100%;}}@media(max-width:1024px){.elementor-556 .elementor-element.elementor-element-b3b923a:not(.elementor-motion-effects-element-type-background), .elementor-556 .elementor-element.elementor-element-b3b923a > .elementor-motion-effects-container > .elementor-motion-effects-layer{background-position:0px 0px;}.elementor-556 .elementor-element.elementor-element-b3b923a{padding:100px 0px 100px 0px;}.elementor-556 .elementor-element.elementor-element-4b832ae .elementor-heading-title{font-size:var( --e-global-typography-2bda2d2-font-size );line-height:var( --e-global-typography-2bda2d2-line-height );letter-spacing:var( --e-global-typography-2bda2d2-letter-spacing );word-spacing:var( --e-global-typography-2bda2d2-word-spacing );}}@media(max-width:767px){.elementor-556 .elementor-element.elementor-element-b3b923a:not(.elementor-motion-effects-element-type-background), .elementor-556 .elementor-element.elementor-element-b3b923a > .elementor-motion-effects-container > .elementor-motion-effects-layer{background-position:0px 0px;}.elementor-556 .elementor-element.elementor-element-b3b923a{padding:80px 10px 80px 10px;}.elementor-556 .elementor-element.elementor-element-4b832ae .elementor-heading-title{font-size:var( --e-global-typography-2bda2d2-font-size );line-height:var( --e-global-typography-2bda2d2-line-height );letter-spacing:var( --e-global-typography-2bda2d2-letter-spacing );word-spacing:var( --e-global-typography-2bda2d2-word-spacing );}}<\/style>\t\t<div data-elementor-type=\"wp-page\" data-elementor-id=\"556\" class=\"elementor elementor-556\" data-elementor-post-type=\"page\">\n\t\t\t\t\t\t<section class=\"elementor-section elementor-top-section elementor-element elementor-element-b3b923a elementor-section-height-min-height elementor-section-boxed elementor-section-height-default elementor-section-items-middle\" data-id=\"b3b923a\" data-element_type=\"section\" data-e-type=\"section\" data-settings=\"{&quot;background_background&quot;:&quot;classic&quot;}\">\n\t\t\t\t\t\t\t<div class=\"elementor-background-overlay\"><\/div>\n\t\t\t\t\t\t\t<div class=\"elementor-container elementor-column-gap-default\">\n\t\t\t\t\t<div class=\"elementor-column elementor-col-100 elementor-top-column elementor-element elementor-element-8baa06e\" data-id=\"8baa06e\" data-element_type=\"column\" data-e-type=\"column\">\n\t\t\t<div class=\"elementor-widget-wrap elementor-element-populated\">\n\t\t\t\t\t\t<div class=\"elementor-element elementor-element-4b832ae elementor-widget elementor-widget-heading\" data-id=\"4b832ae\" data-element_type=\"widget\" data-e-type=\"widget\" data-widget_type=\"heading.default\">\n\t\t\t\t<div class=\"elementor-widget-container\">\n\t\t\t\t\t<h2 class=\"elementor-heading-title elementor-size-default\">Privacy Policy<\/h2>\t\t\t\t<\/div>\n\t\t\t\t<\/div>\n\t\t\t\t\t<\/div>\n\t\t<\/div>\n\t\t\t\t\t<\/div>\n\t\t<\/section>\n\t\t<div class=\"elementor-element elementor-element-60c6534 e-flex e-con-boxed e-con e-parent\" data-id=\"60c6534\" data-element_type=\"container\" data-e-type=\"container\">\n\t\t\t\t\t<div class=\"e-con-inner\">\n\t\t<div class=\"elementor-element elementor-element-3e48337 e-con-full e-flex e-con e-child\" data-id=\"3e48337\" data-element_type=\"container\" data-e-type=\"container\">\n\t\t\t\t<div class=\"elementor-element elementor-element-817067b elementor-widget elementor-widget-text-editor\" data-id=\"817067b\" data-element_type=\"widget\" data-e-type=\"widget\" data-widget_type=\"text-editor.default\">\n\t\t\t\t<div class=\"elementor-widget-container\">\n\t\t\t\t\t\t\t\t\t<p><strong>PRIVACY POLICY OF WWW.ASSURETECH.EU<\/strong><br \/><br \/><strong>I. GENERAL PROVISIONS<\/strong><\/p><ol><li>This Privacy Policy sets out the rules for the processing of personal data of Users of the www.assuretech.eu Website (hereinafter: the Website).<\/li><li>The administrator of the personal data is Assure Tech Sp. z o.o., 15 Sk\u0142adowa St., 74-400 D\u0119bno, NIP: 597-176-29-10 (hereinafter: Administrator).<\/li><li>Contact with the Administrator is possible at e-mail address: chandra.swain@assuretech.eu.<\/li><\/ol><p><br \/><strong>II. COLLECTION OF PERSONAL DATA<\/strong><\/p><ol><li>The Administrator collects Users' personal data to the extent necessary to provide the services available on the Website, in particular:<br \/>- name,<br \/>email address,<br \/>telephone number (if provided),<br \/>IP address, browser type, information about activity on the Website (server logs).<\/li><li>Personal data may be collected:<br \/>- Through contact forms or newsletter sign-ups,<br \/>- When using the functionality of the Website,<br \/>- Through cookies and other tracking technologies (see Section V).<\/li><\/ol><p><br \/><strong>III. PURPOSE AND BASIS OF DATA PROCESSING<\/strong><\/p><ol><li>The Administrator processes Users' personal data for the following purposes:<\/li><li>Provision of services available on the Website - the legal basis is Article 6(1)(b) of the RODO (necessity to provide the service).<\/li><li>Contacting the User - the legal basis is Article 6(1)(a) and (f) RODO (consent or legitimate interest of the Administrator).<\/li><li>Direct marketing of the Administrator's services and products - the basis is Article 6(1)(a) RODO (consent given by the User).<\/li><li>Statistics and improvement of the Service - the legal basis is Article 6(1)(f) RODO (legitimate interest of the Administrator).<\/li><\/ol><p><br \/><strong>IV. SHARING OF PERSONAL DATA<\/strong><\/p><ol><li>The Administrator does not sell or rent Users' personal data to third parties.<\/li><li>Personal data may be shared:<br \/>- Entities operating the Service (hosting, IT service),<br \/>- to entities providing payment or courier services, if necessary for the performance of services.<\/li><li>Any sharing of personal data is carried out in accordance with applicable laws and on the basis of data entrustment agreements.<\/li><\/ol><p><br \/><strong>V. COOKIES AND OTHER TRACKING TECHNOLOGIES<\/strong><\/p><ol><li>The website uses cookies for the following purposes:<br \/>- correct operation of the Service,<br \/>- analysis of visitor statistics,<br \/>- Matching the content to the User's preferences.<\/li><li>You can change your cookie settings in your browser at any time.<\/li><li>Cookies do not collect personally identifiable information unless the User voluntarily provides it in the contact form.<\/li><\/ol><p><br \/><strong>VI. DATA RETENTION PERIOD<\/strong><\/p><ol><li>Users' personal data are kept for the period necessary to fulfill the purposes for which they were collected, in accordance with applicable laws.<\/li><li>Data for marketing purposes will be stored until the User withdraws consent.<\/li><\/ol><p><br \/><strong>VII. USERS' RIGHTS<\/strong><\/p><ol><li>Users have the following rights:<\/li><li>Access to and correction of your data.<\/li><li>The right to erasure or restriction of data processing.<\/li><li>Right to data portability.<\/li><li>The right to withdraw consent at any time (without affecting the compatibility of processing prior to withdrawal of consent).<\/li><li>The right to file a complaint with the supervisory authority - the President of the Office for Personal Data Protection.<\/li><\/ol><p><br \/><strong>VIII. DATA SECURITY<\/strong><\/p><ol><li>The Administrator shall use appropriate technical and organizational measures to protect personal data from unauthorized access, loss, alteration or disclosure.<\/li><li>The Service uses HTTPS, which provides encrypted data transmission between the User and the Service.<\/li><\/ol><p><br \/><strong>IX. CHANGES TO THE PRIVACY POLICY<\/strong><\/p><ol><li>The Administrator reserves the right to change the Privacy Policy.<\/li><li>Changes are effective from the moment they are published on the Website.<\/li><li>Users will be informed of the changes in a prominent manner on the Website.<\/li><\/ol>\t\t\t\t\t\t\t\t<\/div>\n\t\t\t\t<\/div>\n\t\t\t\t<\/div>\n\t\t\t\t\t<\/div>\n\t\t\t\t<\/div>\n\t\t\t\t<\/div>","protected":false},"excerpt":{"rendered":"<p>Polityka prywatno\u015bci POLITYKA PRYWATNO\u015aCI SERWISU WWW.ASSURETECH.EU I. POSTANOWIENIA OG\u00d3LNE Niniejsza Polityka Prywatno\u015bci okre\u015bla zasady przetwarzania danych osobowych U\u017cytkownik\u00f3w Serwisu www.assuretech.eu (dalej: Serwis). Administratorem danych osobowych jest Assure Tech Sp. z o.o., ul. Sk\u0142adowa 15, 74-400 D\u0119bno, NIP: 597-176-29-10 (dalej: Administrator). Kontakt z Administratorem mo\u017cliwy jest pod adresem e-mail: chandra.swain@assuretech.eu. II. ZBIERANIE DANYCH OSOBOWYCH Administrator zbiera [&hellip;]<\/p>\n","protected":false},"author":1,"featured_media":0,"parent":0,"menu_order":0,"comment_status":"closed","ping_status":"closed","template":"elementor_header_footer","meta":{"footnotes":""},"class_list":["post-556","page","type-page","status-publish","hentry"],"_links":{"self":[{"href":"https:\/\/assuretech.eu\/en\/wp-json\/wp\/v2\/pages\/556","targetHints":{"allow":["GET"]}}],"collection":[{"href":"https:\/\/assuretech.eu\/en\/wp-json\/wp\/v2\/pages"}],"about":[{"href":"https:\/\/assuretech.eu\/en\/wp-json\/wp\/v2\/types\/page"}],"author":[{"embeddable":true,"href":"https:\/\/assuretech.eu\/en\/wp-json\/wp\/v2\/users\/1"}],"replies":[{"embeddable":true,"href":"https:\/\/assuretech.eu\/en\/wp-json\/wp\/v2\/comments?post=556"}],"version-history":[{"count":4,"href":"https:\/\/assuretech.eu\/en\/wp-json\/wp\/v2\/pages\/556\/revisions"}],"predecessor-version":[{"id":560,"href":"https:\/\/assuretech.eu\/en\/wp-json\/wp\/v2\/pages\/556\/revisions\/560"}],"wp:attachment":[{"href":"https:\/\/assuretech.eu\/en\/wp-json\/wp\/v2\/media?parent=556"}],"curies":[{"name":"wp","href":"https:\/\/api.w.org\/{rel}","templated":true}]}}